{"id":20,"date":"2020-09-03T23:22:36","date_gmt":"2020-09-03T21:22:36","guid":{"rendered":"https:\/\/dylagowka.przemyska.pl\/?page_id=20"},"modified":"2023-12-03T23:33:07","modified_gmt":"2023-12-03T22:33:07","slug":"galeria","status":"publish","type":"page","link":"https:\/\/dylagowka.przemyska.pl\/index.php\/galeria\/","title":{"rendered":"Galeria"},"content":{"rendered":"\n<p><\/p>\n\n\n<h3><a href=\"https:\/\/photos.app.goo.gl\/2KpLip1m43BdRdU57\">Nowa Rada Parafialna<\/a><\/h3>\n<h3><a href=\"https:\/\/photos.app.goo.gl\/TkWd15HgQFYqVaD68\">Doroczna pielgrzymka parafialna do Sanktuarium Matki Bo\u017cej \u0141askawej w Hy\u017cnem<\/a><\/h3>\n<h3><a href=\"https:\/\/photos.app.goo.gl\/ANdW8UcWZgYiXhwE6\">Galeria witra\u017cu<\/a><\/h3>\n<h3><a href=\"https:\/\/photos.app.goo.gl\/o4yZtb2sntzzLkEi7\">Tegoroczne wie\u0144ce do\u017cynkowe<\/a><\/h3>\n<h3><strong data-rich-text-format-boundary=\"true\"><a href=\"https:\/\/photos.app.goo.gl\/JdddvkugAPr9dvtM6\">Powitanie nowego Ksi\u0119dza Proboszcza<\/a> <\/strong><\/h3>\n<h3><strong data-rich-text-format-boundary=\"true\"><a href=\"https:\/\/photos.app.goo.gl\/rpfYk4SZ4AkzZSrq8\">Przyj\u0119cie nowych ministrant\u00f3w do Liturgicznej S\u0142u\u017cby O\u0142tarza<\/a><\/strong><\/h3>\n<h3><strong data-rich-text-format-boundary=\"true\"><a href=\"https:\/\/photos.app.goo.gl\/4R3Z8u5N2Wy6NcuT6\">Krzy\u017c o\u0142tarzowy &#8211; po konserwacji<\/a><\/strong><\/h3>\n<h3><a href=\"https:\/\/photos.app.goo.gl\/1MuumSX1yNbdLDfY6\">Jase\u0142ka w Parafii w wykonaniu dzieci przedszkolnych ze Szko\u0142y Podstawowej<br \/>w Dyl\u0105g\u00f3wce\u00a0<\/a><\/h3>\n<h3><a href=\"https:\/\/photos.app.goo.gl\/167p9ZwQX7UdADLi9\">\u015awi\u0105teczny wystr\u00f3j Ko\u015bcio\u0142a\u00a0<\/a><\/h3>\n<h3><a href=\"https:\/\/photos.app.goo.gl\/QtbqRpnX9sgKtxVS6\">Wspomnienie \u015bw. Agaty 5.02.21<\/a><\/h3>\n<h3><a href=\"https:\/\/photos.app.goo.gl\/FHJXqaJD2vmtcf7V9\">Droga Krzy\u017cowa dla dzieci 18.02.21<\/a><\/h3>\n<h3><a href=\"https:\/\/photos.app.goo.gl\/ECAikLa6viDcdvNk7\">Po\u015bwi\u0119cenie jab\u0142ek wspomnienie \u015bw. B\u0142a\u017ceja 3.02.21<\/a><\/h3>\n<h3><a href=\"https:\/\/photos.app.goo.gl\/XPoqXMGTar1Mwitt9\">Nabo\u017ce\u0144stwa Drogi Krzy\u017cowej dla dzieci Wielkim Po\u015bcie<\/a><\/h3>\n<h3><a href=\"https:\/\/photos.app.goo.gl\/QUHHRaqUKY3xmWMN9\">Czuwanie przy Bo\u017cym Grobie Domowego Jerycha R\u00f3\u017ca\u0144cowego 2.04.21<\/a><\/h3>\n<h3><a href=\"https:\/\/photos.app.goo.gl\/8FwfgBAekUzbFJ5X7\">Uroczysto\u015b\u0107 Bo\u017cego Mi\u0142osierdzia &#8211; Godzina Mi\u0142osierdzia 11.04.21<\/a><\/h3>\n<h3><a href=\"https:\/\/photos.app.goo.gl\/aLGLdCKQMVJq4A2k8\">Bo\u017ce Cia\u0142o 3.06.21<\/a><\/h3>\n<h3><a href=\"https:\/\/photos.app.goo.gl\/K81DZuurnf9P5Mcv6\">Czuwanie przed Odpustem parafialnym 11.06.21<\/a><\/h3>\n<h3><a href=\"https:\/\/photos.app.goo.gl\/eVt45HSMVeMg991N9\">Odpust parafialny 12.06.21<\/a><\/h3>\n<h3><a href=\"https:\/\/photos.app.goo.gl\/AN1KeBboBkcqejBf8\">Wie\u0144ce do\u017cynkowe, witra\u017ce i freski 15.08.21<\/a><\/h3>\n<h3><a href=\"https:\/\/photos.app.goo.gl\/dEZMDbctKLwaZqDe9\">Pa\u017adziernik, dekoracja 2021<\/a><\/h3>\n<h3><a href=\"https:\/\/photos.app.goo.gl\/j8oNor6SjuhhXrmm6\">Czuwanie nocne 25.03.22<\/a><\/h3>\n<h3><a href=\"https:\/\/photos.app.goo.gl\/ePARBoM94qKMzK8P6\">Misterium M\u0119ki Pa\u0144skiej 20.03.22<\/a><\/h3>\n<h3><a href=\"https:\/\/photos.app.goo.gl\/Qi4x7JE1uZcNQUE76\">Triduum Paschalne 2022<\/a><\/h3>\n<h3><a href=\"https:\/\/photos.app.goo.gl\/iZKPbkmseF5YjXwv7\">Po\u015bwi\u0119cenie Samochodu Stra\u017cackiego OSP Dyl\u0105g\u00f3wka 14.05.22<\/a><\/h3>\n<h3><a href=\"https:\/\/photos.app.goo.gl\/eQkyTjamtqJrDU6q9\">Bo\u017ce Cia\u0142o 2022<\/a><\/h3>\n<h3><a href=\"https:\/\/photos.app.goo.gl\/JoDV3GfSXmmC4CiQ9\">Odpust i 50 lat Kap\u0142a\u0144stwa 25.06.2022<\/a><\/h3>\n<h3><a href=\"https:\/\/youtu.be\/Wz3-_t00yes\">Film powsta\u0142y na pami\u0105tk\u0119 40-lecia wmurowania kamienia w\u0119gielnego w Ko\u015bciele Parafialnym w Dyl\u0105g\u00f3wce<\/a><\/h3>\n<h3><a href=\"https:\/\/photos.app.goo.gl\/XPoqXMGTar1Mwitt9\">Nabo\u017ce\u0144stwa Drogi Krzy\u017cowej dla dzieci Wielkim Po\u015bcie<\/a><\/h3>\n<h3><a href=\"https:\/\/photos.app.goo.gl\/Y7F96ZtrGKYFxUtP9\">Parafialne Rekolekcje Ewangelizacyjne 3-5.03.23<\/a><\/h3>\n<h3><a href=\"https:\/\/photos.app.goo.gl\/F43Fjnm3HgQaiR8J6\">Triduum Paschalne 2023<\/a><br \/><a href=\"https:\/\/photos.app.goo.gl\/GvHh2Jps7j3Gk3Tb7\">Zmartwychwstanie 2023<\/a><\/h3>\n<h3><a href=\"https:\/\/photos.app.goo.gl\/BMWQid8C7T5vk77p7\">Pielgrzymka do Medjugorie 11-15.04.23<\/a><\/h3>\n<h3><a href=\"https:\/\/photos.app.goo.gl\/1iFYwAKbQ4YnbM9S6\">40 &#8211; lecie Parafii i odpust parafialny 17.06.23<\/a><\/h3>\n<h3><a href=\"https:\/\/photos.app.goo.gl\/nZr1atvjQJvEVp44A\">Wprowadzenie relikwii \u015bw. Jana Paw\u0142a II 28.06.23<\/a><\/h3>\n<h3><a href=\"https:\/\/photos.app.goo.gl\/Rua7aLWvpYzhYJ4YA\">Pielgrzymka do sanktuarium \u015bw. J\u00f3zefa w Kaliszu 1.07.23<\/a><\/h3>\n<h3><a href=\"https:\/\/photos.app.goo.gl\/2SKnXAbFBvR5Kmte8\">\u00a0Jubileusz 150-lecia OSP Dyl\u0105g\u00f3wka i 100 OSP Orkiestry D\u0119tej 2023<\/a><\/h3>\n<h3><a href=\"https:\/\/photos.app.goo.gl\/DFCYkrx8Ee4zZH7G7\">Wigilia Wszystkich \u015awi\u0119tych 31.10.2023<\/a><\/h3>\n<h3>\u00a0<\/h3>\n\n\n<p><\/p>\n ","protected":false},"excerpt":{"rendered":"<p>Nowa Rada Parafialna Doroczna pielgrzymka parafialna do Sanktuarium Matki Bo\u017cej \u0141askawej w Hy\u017cnem Galeria witra\u017cu Tegoroczne wie\u0144ce do\u017cynkowe Powitanie nowego&hellip;<\/p>\n","protected":false},"author":1,"featured_media":0,"parent":0,"menu_order":0,"comment_status":"closed","ping_status":"closed","template":"","meta":{"footnotes":""},"class_list":["post-20","page","type-page","status-publish","hentry"],"_links":{"self":[{"href":"https:\/\/dylagowka.przemyska.pl\/index.php\/wp-json\/wp\/v2\/pages\/20","targetHints":{"allow":["GET"]}}],"collection":[{"href":"https:\/\/dylagowka.przemyska.pl\/index.php\/wp-json\/wp\/v2\/pages"}],"about":[{"href":"https:\/\/dylagowka.przemyska.pl\/index.php\/wp-json\/wp\/v2\/types\/page"}],"author":[{"embeddable":true,"href":"https:\/\/dylagowka.przemyska.pl\/index.php\/wp-json\/wp\/v2\/users\/1"}],"replies":[{"embeddable":true,"href":"https:\/\/dylagowka.przemyska.pl\/index.php\/wp-json\/wp\/v2\/comments?post=20"}],"version-history":[{"count":0,"href":"https:\/\/dylagowka.przemyska.pl\/index.php\/wp-json\/wp\/v2\/pages\/20\/revisions"}],"wp:attachment":[{"href":"https:\/\/dylagowka.przemyska.pl\/index.php\/wp-json\/wp\/v2\/media?parent=20"}],"curies":[{"name":"wp","href":"https:\/\/api.w.org\/{rel}","templated":true}]}}