{"id":21,"date":"2020-09-03T23:22:36","date_gmt":"2020-09-03T21:22:36","guid":{"rendered":"https:\/\/dylagowka.przemyska.pl\/?page_id=21"},"modified":"2024-01-13T09:47:56","modified_gmt":"2024-01-13T08:47:56","slug":"grupy-parafialne","status":"publish","type":"page","link":"https:\/\/dylagowka.przemyska.pl\/index.php\/grupy-parafialne\/","title":{"rendered":"Grupy parafialne"},"content":{"rendered":"\n<ul class=\"wp-block-list\"><li><a href=\"https:\/\/dylagowka.przemyska.pl\/index.php\/strona-w-budowie\/\">R\u00f3\u017c<\/a><a href=\"https:\/\/dylagowka.przemyska.pl\/?page_id=183\">e R\u00f3\u017ca\u0144cowe <\/a><\/li><li><a href=\"https:\/\/dylagowka.przemyska.pl\/index.php\/strona-w-budowie\/\">Ministranci <\/a><\/li><li><a href=\"https:\/\/dylagowka.przemyska.pl\/index.php\/strona-w-budowie\/\">Rada Duszpasterska<\/a><\/li><li><a href=\"https:\/\/dylagowka.przemyska.pl\/index.php\/strona-w-budowie\/\">Schola<\/a><\/li><li><a href=\"https:\/\/dylagowka.przemyska.pl\/index.php\/strona-w-budowie\/\">Domowe Jerycho R\u00f3\u017ca\u0144cowe<\/a><\/li><\/ul>\n\n\n\n<p><\/p>\n ","protected":false},"excerpt":{"rendered":"<p>R\u00f3\u017ce R\u00f3\u017ca\u0144cowe Ministranci Rada Duszpasterska Schola Domowe Jerycho R\u00f3\u017ca\u0144cowe<\/p>\n","protected":false},"author":1,"featured_media":0,"parent":0,"menu_order":0,"comment_status":"closed","ping_status":"closed","template":"","meta":{"footnotes":""},"class_list":["post-21","page","type-page","status-publish","hentry"],"_links":{"self":[{"href":"https:\/\/dylagowka.przemyska.pl\/index.php\/wp-json\/wp\/v2\/pages\/21","targetHints":{"allow":["GET"]}}],"collection":[{"href":"https:\/\/dylagowka.przemyska.pl\/index.php\/wp-json\/wp\/v2\/pages"}],"about":[{"href":"https:\/\/dylagowka.przemyska.pl\/index.php\/wp-json\/wp\/v2\/types\/page"}],"author":[{"embeddable":true,"href":"https:\/\/dylagowka.przemyska.pl\/index.php\/wp-json\/wp\/v2\/users\/1"}],"replies":[{"embeddable":true,"href":"https:\/\/dylagowka.przemyska.pl\/index.php\/wp-json\/wp\/v2\/comments?post=21"}],"version-history":[{"count":0,"href":"https:\/\/dylagowka.przemyska.pl\/index.php\/wp-json\/wp\/v2\/pages\/21\/revisions"}],"wp:attachment":[{"href":"https:\/\/dylagowka.przemyska.pl\/index.php\/wp-json\/wp\/v2\/media?parent=21"}],"curies":[{"name":"wp","href":"https:\/\/api.w.org\/{rel}","templated":true}]}}