{"id":24,"date":"2020-09-03T23:22:36","date_gmt":"2020-09-03T21:22:36","guid":{"rendered":"https:\/\/dylagowka.przemyska.pl\/?page_id=24"},"modified":"2026-03-21T21:14:47","modified_gmt":"2026-03-21T20:14:47","slug":"r-i-p","status":"publish","type":"page","link":"https:\/\/dylagowka.przemyska.pl\/index.php\/r-i-p\/","title":{"rendered":"R.I.P"},"content":{"rendered":"<h2 style=\"text-align: center;\"><em><strong><span class=\"tojvnm2t a6sixzi8 abs2jz4q a8s20v7p t1p8iaqh k5wvi7nf q3lfd5jv pk4s997a bipmatt0 cebpdrjk qowsmv63 owwhemhu dp1hu0rb dhp61c6y iyyx5f41\">Spieszmy si\u0119 kocha\u0107 ludzi tak szybko odchodz\u0105 ~ Ks. Jan Twardowski ~<br \/>\n<\/span><\/strong><\/em><\/h2>\n<hr \/>\n<h2 style=\"text-align: center;\"><em><strong>+ 2020 +<\/strong><\/em><\/h2>\n<blockquote>\n<h3 style=\"text-align: center;\"><strong>+J\u00f3zefa Kustra ( 1936-2020)<br \/>\n+Krystyna Sztycharz ( 1946-2020)<br \/>\n<\/strong><\/h3>\n<h3 style=\"text-align: center;\"><strong>+Izabela Ba\u0142a (1930 -2020)<\/strong><\/h3>\n<h3 style=\"text-align: center;\"><strong>+Stanis\u0142aw Wr\u00f3bel (1937 &#8211; 2020)<\/strong><\/h3>\n<h3 style=\"text-align: center;\"><strong>+Jan Idziniak (1952 -2020)<\/strong><\/h3>\n<h3 style=\"text-align: center;\"><strong>+J\u00f3zef Gudyka (1929 -2020)<\/strong><\/h3>\n<h3 style=\"text-align: center;\"><strong>+Tadeusz Gudyka (1926 &#8211; 2020)<\/strong><\/h3>\n<h3 style=\"text-align: center;\"><strong>+Wies\u0142aw Jan Jaworski (1966-2020)<br \/>\n<\/strong><\/h3>\n<h3 style=\"text-align: center;\"><strong>+<\/strong><strong>Monika Dyrak (1931-2020)<br \/>\n<\/strong><\/h3>\n<h3 style=\"text-align: center;\"><strong>+<\/strong><strong>Agnieszka Iwona Kogut (1975-2020)<\/strong><\/h3>\n<\/blockquote>\n<hr \/>\n<h2 style=\"text-align: center;\"><em><strong>+ 2021 +<\/strong><\/em><\/h2>\n<blockquote>\n<h3 style=\"text-align: center;\"><strong>+Bronis\u0142aw Pa\u015bciak (1930-2021)<\/strong><\/h3>\n<h3 style=\"text-align: center;\">+Monika Cecylia Wr\u00f3bel (1926-2021)<\/h3>\n<h3 style=\"text-align: center;\">+Stefania \u015alemp (1938 &#8211; 2021)<\/h3>\n<h3 style=\"text-align: center;\">+Jerzy \u015alemp (1938 &#8211; 2021)<\/h3>\n<h3 style=\"text-align: center;\">+Edward Dzwonek (1939 &#8211; 2021)<\/h3>\n<h3 style=\"text-align: center;\">+\u0141ukasz Filip Tadla (1989 &#8211; 2021)<\/h3>\n<h3 style=\"text-align: center;\">+Wanda Emilia Wa\u0142a (1940 &#8211; 2021)<\/h3>\n<h3 style=\"text-align: center;\">+Zofia Gajewska (1947 &#8211; 2021)<\/h3>\n<h3 style=\"text-align: center;\">+Tadeusz Gajewski (1963 &#8211; 2021)<\/h3>\n<h3 style=\"text-align: center;\"><strong>+Jan Jamrozik (1957 &#8211; 2021)<\/strong><\/h3>\n<h3 style=\"text-align: center;\">+Zenon Roch Krzywdzi\u0144ski (1956 &#8211; 2021)<\/h3>\n<h3 style=\"text-align: center;\">+Stanis\u0142aw Majchrowski (1933 &#8211; 2021)<\/h3>\n<h3 style=\"text-align: center;\">+Maciej Przemys\u0142aw \u015alemp (1992 &#8211; 2021)<\/h3>\n<h3 style=\"text-align: center;\">+Krystyna Celestyna Jaworska (1954 &#8211; 2021)<\/h3>\n<h3 style=\"text-align: center;\">+Teofila Klara Cie\u015bla (1930 &#8211; 2021)<\/h3>\n<h3 style=\"text-align: center;\">+Kazimierz Trzyna (1938 &#8211; 2021)<\/h3>\n<\/blockquote>\n<hr \/>\n<h2 style=\"text-align: center;\"><em><strong>+ 2022 +<\/strong><\/em><\/h2>\n<blockquote>\n<h3 style=\"text-align: center;\"><strong>+Danuta Zofia Smalarz (1944-2022)<\/strong><\/h3>\n<h3 style=\"text-align: center;\"><strong>+Stanis\u0142awa Wr\u00f3bel (1931-2022)<br \/>\n+Cecylia Pa\u015bciak (1940 -2022)<br \/>\n+Stanis\u0142awa Mitr\u0119ga (1933 &#8211; 2022)<br \/>\n+Edward Trzyna (1949 &#8211; 2022)<br \/>\n+Antoni Kurzyd\u0142o (1954 &#8211; 2022)<br \/>\n+Tomasz Trzyna (1981 &#8211; 2022)<br \/>\n<\/strong><\/h3>\n<\/blockquote>\n<hr \/>\n<h2 style=\"text-align: center;\"><em><strong>+ 2023 +<\/strong><\/em><\/h2>\n<blockquote>\n<h3 style=\"text-align: center;\"><strong>+Jaros\u0142aw Jacek Bator (1965 &#8211; 2023)<br \/>\n+Stanis\u0142awa Jeziorska (1925 -2023)<br \/>\n+Maria Warcho\u0142 (1944 &#8211; 2023)<br \/>\n+Adam Pa\u015bciak (1958 &#8211; 2023)<br \/>\n+Bogdan Pa\u0142ac (1956 &#8211; 2023)<br \/>\n+Stanis\u0142aw Kusz (1943 &#8211; 2023)<br \/>\n+Stefania S\u0142upek (1928 &#8211; 2023)<br \/>\n+Anna Pa\u0142ac (1937 -2023)<br \/>\n+Artur Henryk Zawora (1975 &#8211; 2023)<br \/>\n+Maria Kr\u0119\u017cel (1938 &#8211; 2023)<br \/>\n+Marian Baran (1933 -2023)<\/strong><\/h3>\n<\/blockquote>\n<hr \/>\n<h3 style=\"text-align: center;\"><strong>+<\/strong><em><strong> 2024 +<br \/>\n<\/strong><strong>+Boles\u0142aw Antoni Dzi\u0119g\u0142o (1957)<br \/>\n+Krystyna Pa\u015bciak (1934)<br \/>\n+Eugeniusz Gwizda\u0142a (1950)<br \/>\n+Aleksander Tadeusz Kawalec (1962)<br \/>\n+Andrzej Pa\u0142ac (1983)<br \/>\n+Stanis\u0142aw Krzysztof Pa\u0142ac (1942)<br \/>\n+Alina Janina Dyrak (1953)<br \/>\n+J\u00f3zefa Zofia Dyrak(1931)<br \/>\n+Zofia Gwizda\u0142a (1954)<br \/>\n+Maria Marsza\u0142ek (1944)<br \/>\n+Cecylia Dzi\u0119g\u0142o (1942)<\/strong><\/em><\/h3>\n<p>&nbsp;<\/p>\n<hr \/>\n<h3 style=\"text-align: center;\"><strong>+<\/strong><em><strong> 2025 +<br \/>\n+Zofia Bialic (1937)<br \/>\n+Jan Pa\u015bciak (1940)<br \/>\n+Anna Pociask (1949)<br \/>\n+Maria Pu\u0107 (1944)<br \/>\n+Edward Kazimierz \u015alemp (1971)<br \/>\n+Ma\u0142gorzata Teresa Ka\u0142ka (1954)<br \/>\n+Marian Antoni Ple\u015bniak (1957)<br \/>\n+Kazimiera Gajewska (1936)<br \/>\n+Bernadeta Ro\u017cek (1929)<\/strong><\/em><\/h3>\n<p>&nbsp;<\/p>\n<hr \/>\n<h3 style=\"text-align: center;\"><strong>+<\/strong><em><strong> 2026 +<\/strong><\/em><\/h3>\n<h3 style=\"text-align: center;\"><em><strong>+Maciej Lech (1991)<\/strong><\/em><\/h3>\n<h3 style=\"text-align: center;\">Wieczne odpoczywanie racz im da\u0107 Panie<\/h3>\n ","protected":false},"excerpt":{"rendered":"<p>Spieszmy si\u0119 kocha\u0107 ludzi tak szybko odchodz\u0105 ~ Ks. Jan Twardowski ~ + 2020 + +J\u00f3zefa Kustra ( 1936-2020) +Krystyna&hellip;<\/p>\n","protected":false},"author":1,"featured_media":0,"parent":0,"menu_order":0,"comment_status":"closed","ping_status":"closed","template":"","meta":{"footnotes":""},"class_list":["post-24","page","type-page","status-publish","hentry"],"_links":{"self":[{"href":"https:\/\/dylagowka.przemyska.pl\/index.php\/wp-json\/wp\/v2\/pages\/24","targetHints":{"allow":["GET"]}}],"collection":[{"href":"https:\/\/dylagowka.przemyska.pl\/index.php\/wp-json\/wp\/v2\/pages"}],"about":[{"href":"https:\/\/dylagowka.przemyska.pl\/index.php\/wp-json\/wp\/v2\/types\/page"}],"author":[{"embeddable":true,"href":"https:\/\/dylagowka.przemyska.pl\/index.php\/wp-json\/wp\/v2\/users\/1"}],"replies":[{"embeddable":true,"href":"https:\/\/dylagowka.przemyska.pl\/index.php\/wp-json\/wp\/v2\/comments?post=24"}],"version-history":[{"count":1,"href":"https:\/\/dylagowka.przemyska.pl\/index.php\/wp-json\/wp\/v2\/pages\/24\/revisions"}],"predecessor-version":[{"id":3515,"href":"https:\/\/dylagowka.przemyska.pl\/index.php\/wp-json\/wp\/v2\/pages\/24\/revisions\/3515"}],"wp:attachment":[{"href":"https:\/\/dylagowka.przemyska.pl\/index.php\/wp-json\/wp\/v2\/media?parent=24"}],"curies":[{"name":"wp","href":"https:\/\/api.w.org\/{rel}","templated":true}]}}