{"id":41,"date":"2020-09-03T23:25:40","date_gmt":"2020-09-03T21:25:40","guid":{"rendered":"https:\/\/dylagowka.przemyska.pl\/?page_id=41"},"modified":"2021-04-23T21:02:35","modified_gmt":"2021-04-23T19:02:35","slug":"strona-glowna","status":"publish","type":"page","link":"https:\/\/dylagowka.przemyska.pl\/","title":{"rendered":"Strona g\u0142owna"},"content":{"rendered":"\n<!--<h3 style=\"padding-bottom: 20px;\"><a href=\"https:\/\/www.facebook.com\/100001782415742\/videos\/3617156628353715\/\">Zapraszamy we czwartek (31.12.) na transmisj\u0119 na \u017cywo z Mszy \u015awi\u0119tej na zako\u0144czenie roku Pa\u0144skiego 2020, o godz. 16:00.<\/a><\/h3> -->\n\n\n\n<script type=\"text\/javascript\" src=\"https:\/\/widget.niedziela.pl\/liturgia_out.js.php?data=DATA&amp;kodowanie=KODOWANIE\"><\/script>\n ","protected":false},"excerpt":{"rendered":"","protected":false},"author":1,"featured_media":0,"parent":0,"menu_order":0,"comment_status":"closed","ping_status":"closed","template":"","meta":{"footnotes":""},"class_list":["post-41","page","type-page","status-publish","hentry"],"_links":{"self":[{"href":"https:\/\/dylagowka.przemyska.pl\/index.php\/wp-json\/wp\/v2\/pages\/41","targetHints":{"allow":["GET"]}}],"collection":[{"href":"https:\/\/dylagowka.przemyska.pl\/index.php\/wp-json\/wp\/v2\/pages"}],"about":[{"href":"https:\/\/dylagowka.przemyska.pl\/index.php\/wp-json\/wp\/v2\/types\/page"}],"author":[{"embeddable":true,"href":"https:\/\/dylagowka.przemyska.pl\/index.php\/wp-json\/wp\/v2\/users\/1"}],"replies":[{"embeddable":true,"href":"https:\/\/dylagowka.przemyska.pl\/index.php\/wp-json\/wp\/v2\/comments?post=41"}],"version-history":[{"count":0,"href":"https:\/\/dylagowka.przemyska.pl\/index.php\/wp-json\/wp\/v2\/pages\/41\/revisions"}],"wp:attachment":[{"href":"https:\/\/dylagowka.przemyska.pl\/index.php\/wp-json\/wp\/v2\/media?parent=41"}],"curies":[{"name":"wp","href":"https:\/\/api.w.org\/{rel}","templated":true}]}}