{"id":879,"date":"2021-08-16T20:16:33","date_gmt":"2021-08-16T18:16:33","guid":{"rendered":"https:\/\/dylagowka.przemyska.pl\/?page_id=879"},"modified":"2021-08-16T20:16:33","modified_gmt":"2021-08-16T18:16:33","slug":"zapytanie-ofertowe","status":"publish","type":"page","link":"https:\/\/dylagowka.przemyska.pl\/index.php\/zapytanie-ofertowe\/","title":{"rendered":"Zapytanie ofertowe"},"content":{"rendered":"\n<p>Parafia Rzymsko Katolicka pod wezwaniem N.M.P. w Dyl\u0105g\u00f3wce, z dniem 06.08.2021 r. og\u0142asza zapytanie ofertowe, kt\u00f3re obejmuje:<\/p>\n\n\n\n<ul class=\"wp-block-list\"><li>Docieplenie stropu,<\/li><li>Modernizacja systemu grzewczego,<\/li><li>Wymiana stolarki okiennej,<\/li><li>Wymiana stolarki drzwiowej,<\/li><li>Instalacja fotowoltaiczna.<\/li><\/ul>\n\n\n\n<p>Wi\u0119cej szczeg\u00f3\u0142\u00f3w w za\u0142\u0105cznikach.<\/p>\n\n\n\n<div class=\"wp-block-file\"><a href=\"https:\/\/dylagowka.przemyska.pl\/wp-content\/uploads\/2021\/08\/1.-Formularz-ofertowy.doc\">1.-Formularz-ofertowy<\/a><a href=\"https:\/\/dylagowka.przemyska.pl\/wp-content\/uploads\/2021\/08\/1.-Formularz-ofertowy.doc\" class=\"wp-block-file__button\" download>Pobierz<\/a><\/div>\n\n\n\n<div class=\"wp-block-file\"><a href=\"https:\/\/dylagowka.przemyska.pl\/wp-content\/uploads\/2021\/08\/2.-Zapytanie_ofertowe-2.doc\">2.-Zapytanie_ofertowe<\/a><a href=\"https:\/\/dylagowka.przemyska.pl\/wp-content\/uploads\/2021\/08\/2.-Zapytanie_ofertowe-2.doc\" class=\"wp-block-file__button\" download>Pobierz<\/a><\/div>\n\n\n\n<div class=\"wp-block-file\"><a href=\"https:\/\/dylagowka.przemyska.pl\/wp-content\/uploads\/2021\/08\/3.-Projekt-umowy-1.doc\">3.-Projekt-umowy<\/a><a href=\"https:\/\/dylagowka.przemyska.pl\/wp-content\/uploads\/2021\/08\/3.-Projekt-umowy-1.doc\" class=\"wp-block-file__button\" download>Pobierz<\/a><\/div>\n ","protected":false},"excerpt":{"rendered":"<p>Parafia Rzymsko Katolicka pod wezwaniem N.M.P. w Dyl\u0105g\u00f3wce, z dniem 06.08.2021 r. og\u0142asza zapytanie ofertowe, kt\u00f3re obejmuje: Docieplenie stropu, Modernizacja&hellip;<\/p>\n","protected":false},"author":2,"featured_media":0,"parent":0,"menu_order":0,"comment_status":"closed","ping_status":"closed","template":"","meta":{"footnotes":""},"class_list":["post-879","page","type-page","status-publish","hentry"],"_links":{"self":[{"href":"https:\/\/dylagowka.przemyska.pl\/index.php\/wp-json\/wp\/v2\/pages\/879","targetHints":{"allow":["GET"]}}],"collection":[{"href":"https:\/\/dylagowka.przemyska.pl\/index.php\/wp-json\/wp\/v2\/pages"}],"about":[{"href":"https:\/\/dylagowka.przemyska.pl\/index.php\/wp-json\/wp\/v2\/types\/page"}],"author":[{"embeddable":true,"href":"https:\/\/dylagowka.przemyska.pl\/index.php\/wp-json\/wp\/v2\/users\/2"}],"replies":[{"embeddable":true,"href":"https:\/\/dylagowka.przemyska.pl\/index.php\/wp-json\/wp\/v2\/comments?post=879"}],"version-history":[{"count":0,"href":"https:\/\/dylagowka.przemyska.pl\/index.php\/wp-json\/wp\/v2\/pages\/879\/revisions"}],"wp:attachment":[{"href":"https:\/\/dylagowka.przemyska.pl\/index.php\/wp-json\/wp\/v2\/media?parent=879"}],"curies":[{"name":"wp","href":"https:\/\/api.w.org\/{rel}","templated":true}]}}